{"id":6,"date":"2022-04-26T13:40:00","date_gmt":"2022-04-26T11:40:00","guid":{"rendered":"http:\/\/seskaro.net.preview.binero.se\/?page_id=6"},"modified":"2025-07-10T14:40:12","modified_gmt":"2025-07-10T12:40:12","slug":"seskaro-hembygdsforening","status":"publish","type":"page","link":"http:\/\/seskaro.net\/?page_id=6","title":{"rendered":"Kommande aktiviteter"},"content":{"rendered":"\n<p><strong>PLANERADE AKTIVITETER P\u00c5 FOLKAN 2025<\/strong><\/p>\n\n\n\n<p>Torsdag 16 juli&#8211;20 juli                                   Sk\u00e4rg\u00e5rdsfestival <\/p>\n\n\n\n<figure class=\"wp-block-table\"><table><tbody><tr><td><\/td><td><\/td><\/tr><tr><td><br><\/td><td><\/td><\/tr><tr><td><\/td><td><\/td><\/tr><tr><td><\/td><td><\/td><\/tr><tr><td><\/td><td><\/td><\/tr><tr><td><\/td><td><\/td><\/tr><tr><td><\/td><td><\/td><\/tr><\/tbody><\/table><\/figure>\n\n\n<p><\/p><div id=\"wp_fb_like_button\" style=\"margin:5px 0 5px 5px;float:right;height:100px;\"><script src=\"http:\/\/connect.facebook.net\/en_US\/all.js#xfbml=1\"><\/script><fb:like href=\"http%3A%2F%2Fseskaro.net%2F%3Fpage_id%3D6\" send=\"true\" layout=\"button_count\" width=\"450\" show_faces=\"true\" font=\"arial\" action=\"like\" colorscheme=\"light\"><\/fb:like><\/div>","protected":false},"excerpt":{"rendered":"<p>PLANERADE AKTIVITETER P\u00c5 FOLKAN 2025 Torsdag 16 juli&#8211;20 juli Sk\u00e4rg\u00e5rdsfestival<\/p>\n","protected":false},"author":1,"featured_media":247,"parent":0,"menu_order":0,"comment_status":"open","ping_status":"open","template":"showcase.php","meta":[],"_links":{"self":[{"href":"http:\/\/seskaro.net\/index.php?rest_route=\/wp\/v2\/pages\/6"}],"collection":[{"href":"http:\/\/seskaro.net\/index.php?rest_route=\/wp\/v2\/pages"}],"about":[{"href":"http:\/\/seskaro.net\/index.php?rest_route=\/wp\/v2\/types\/page"}],"author":[{"embeddable":true,"href":"http:\/\/seskaro.net\/index.php?rest_route=\/wp\/v2\/users\/1"}],"replies":[{"embeddable":true,"href":"http:\/\/seskaro.net\/index.php?rest_route=%2Fwp%2Fv2%2Fcomments&post=6"}],"version-history":[{"count":68,"href":"http:\/\/seskaro.net\/index.php?rest_route=\/wp\/v2\/pages\/6\/revisions"}],"predecessor-version":[{"id":1236,"href":"http:\/\/seskaro.net\/index.php?rest_route=\/wp\/v2\/pages\/6\/revisions\/1236"}],"wp:featuredmedia":[{"embeddable":true,"href":"http:\/\/seskaro.net\/index.php?rest_route=\/wp\/v2\/media\/247"}],"wp:attachment":[{"href":"http:\/\/seskaro.net\/index.php?rest_route=%2Fwp%2Fv2%2Fmedia&parent=6"}],"curies":[{"name":"wp","href":"https:\/\/api.w.org\/{rel}","templated":true}]}}