{"id":124,"date":"2012-08-27T22:53:33","date_gmt":"2012-08-27T20:53:33","guid":{"rendered":"http:\/\/seskaro.net\/?page_id=124"},"modified":"2015-05-23T13:35:56","modified_gmt":"2015-05-23T11:35:56","slug":"pro-seskaro","status":"publish","type":"page","link":"http:\/\/seskaro.net\/?page_id=124","title":{"rendered":"Seskar\u00f6 PRO F\u00f6rening"},"content":{"rendered":"<h1><a title=\"Pro Seskar\u00f6\" href=\"http:\/\/pro.se\/seskaro\" target=\"_blank\">PRO Seskar\u00f6<\/a><\/h1>\n<p>F\u00f6reningen nyttjade Hembygdsf\u00f6reningens hemsida f\u00f6r att sprida sin information men<br \/>\nHar nu en egen hemsida.<\/p>\n<p><strong>Historik<\/strong><br \/>\n<a href=\"http:\/\/seskaro.net\/wp-content\/uploads\/2008\/07\/bladet0409w.pdf\" target=\"_blank\">Pro hyllade Far<\/a><br \/>\n<a href=\"http:\/\/www.nsd.se\/nyheter\/tornedalen\/artikel.aspx?ArticleId=6612458\" target=\"_blank\">Pro p\u00e5 bes\u00f6k hos Outinens potatis<\/a><br \/>\n<a href=\"http:\/\/hbwebben.se\/pro-pa-seskaro-far-hjartstartare\/\" target=\"_blank\">Pro p\u00e5 Seskar\u00f6 f\u00e5r hj\u00e4rtstartare<\/a><\/p>\n<div id=\"wp_fb_like_button\" style=\"margin:5px 0 5px 5px;float:right;height:100px;\"><script src=\"http:\/\/connect.facebook.net\/en_US\/all.js#xfbml=1\"><\/script><fb:like href=\"http%3A%2F%2Fseskaro.net%2F%3Fpage_id%3D124\" send=\"true\" layout=\"button_count\" width=\"450\" show_faces=\"true\" font=\"arial\" action=\"like\" colorscheme=\"light\"><\/fb:like><\/div>","protected":false},"excerpt":{"rendered":"<p>PRO Seskar\u00f6 F\u00f6reningen nyttjade Hembygdsf\u00f6reningens hemsida f\u00f6r att sprida sin information men Har nu en egen hemsida. Historik Pro hyllade Far Pro p\u00e5 bes\u00f6k hos Outinens potatis Pro p\u00e5 Seskar\u00f6 f\u00e5r hj\u00e4rtstartare<\/p>\n","protected":false},"author":1,"featured_media":0,"parent":119,"menu_order":0,"comment_status":"open","ping_status":"open","template":"sidebar-page.php","meta":[],"_links":{"self":[{"href":"http:\/\/seskaro.net\/index.php?rest_route=\/wp\/v2\/pages\/124"}],"collection":[{"href":"http:\/\/seskaro.net\/index.php?rest_route=\/wp\/v2\/pages"}],"about":[{"href":"http:\/\/seskaro.net\/index.php?rest_route=\/wp\/v2\/types\/page"}],"author":[{"embeddable":true,"href":"http:\/\/seskaro.net\/index.php?rest_route=\/wp\/v2\/users\/1"}],"replies":[{"embeddable":true,"href":"http:\/\/seskaro.net\/index.php?rest_route=%2Fwp%2Fv2%2Fcomments&post=124"}],"version-history":[{"count":4,"href":"http:\/\/seskaro.net\/index.php?rest_route=\/wp\/v2\/pages\/124\/revisions"}],"predecessor-version":[{"id":127,"href":"http:\/\/seskaro.net\/index.php?rest_route=\/wp\/v2\/pages\/124\/revisions\/127"}],"up":[{"embeddable":true,"href":"http:\/\/seskaro.net\/index.php?rest_route=\/wp\/v2\/pages\/119"}],"wp:attachment":[{"href":"http:\/\/seskaro.net\/index.php?rest_route=%2Fwp%2Fv2%2Fmedia&parent=124"}],"curies":[{"name":"wp","href":"https:\/\/api.w.org\/{rel}","templated":true}]}}